{"id":11,"date":"2025-12-04T23:32:05","date_gmt":"2025-12-04T23:32:05","guid":{"rendered":"https:\/\/glaszettersgids.nl\/blog\/?page_id=11"},"modified":"2025-12-04T23:40:44","modified_gmt":"2025-12-04T23:40:44","slug":"home","status":"publish","type":"page","link":"https:\/\/glaszettersgids.nl\/blog\/","title":{"rendered":"Home"},"content":{"rendered":"\t\t<div data-elementor-type=\"wp-page\" data-elementor-id=\"11\" class=\"elementor elementor-11\" data-elementor-post-type=\"page\">\n\t\t\t\t<div class=\"elementor-element elementor-element-838cb9f e-flex e-con-boxed e-con e-parent\" data-id=\"838cb9f\" data-element_type=\"container\">\n\t\t\t\t\t<div class=\"e-con-inner\">\n\t\t\t\t<div class=\"elementor-element elementor-element-d981389 elementor-grid-3 elementor-grid-tablet-2 elementor-grid-mobile-1 elementor-posts--thumbnail-top elementor-widget elementor-widget-posts\" data-id=\"d981389\" data-element_type=\"widget\" data-settings=\"{&quot;pagination_type&quot;:&quot;numbers_and_prev_next&quot;,&quot;classic_columns&quot;:&quot;3&quot;,&quot;classic_columns_tablet&quot;:&quot;2&quot;,&quot;classic_columns_mobile&quot;:&quot;1&quot;,&quot;classic_row_gap&quot;:{&quot;unit&quot;:&quot;px&quot;,&quot;size&quot;:35,&quot;sizes&quot;:[]},&quot;classic_row_gap_tablet&quot;:{&quot;unit&quot;:&quot;px&quot;,&quot;size&quot;:&quot;&quot;,&quot;sizes&quot;:[]},&quot;classic_row_gap_mobile&quot;:{&quot;unit&quot;:&quot;px&quot;,&quot;size&quot;:&quot;&quot;,&quot;sizes&quot;:[]}}\" data-widget_type=\"posts.classic\">\n\t\t\t\t<div class=\"elementor-widget-container\">\n\t\t\t\t\t\t\t<div class=\"elementor-posts-container elementor-posts elementor-posts--skin-classic elementor-grid\" role=\"list\">\n\t\t\t\t<article class=\"elementor-post elementor-grid-item post-323 post type-post status-publish format-standard hentry category-niet-gecategoriseerd\" role=\"listitem\">\n\t\t\t\t<div class=\"elementor-post__text\">\n\t\t\t\t<h3 class=\"elementor-post__title\">\n\t\t\t<a href=\"https:\/\/glaszettersgids.nl\/blog\/rudi-bakker-leeftijd\/\" >\n\t\t\t\tRudi Bakker leeftijd wat is zijn leeftijd\t\t\t<\/a>\n\t\t<\/h3>\n\t\t\t\t<div class=\"elementor-post__meta-data\">\n\t\t\t\t\t<span class=\"elementor-post-date\">\n\t\t\t15 maart 2026\t\t<\/span>\n\t\t\t\t<span class=\"elementor-post-avatar\">\n\t\t\tGeen reacties\t\t<\/span>\n\t\t\t\t<\/div>\n\t\t\t\t<div class=\"elementor-post__excerpt\">\n\t\t\t<p>Als je zoekt naar Rudi Bakker leeftijd gaat het om de leeftijd van de Nederlandse ondernemer en voormalig directeur van S.E. Fireworks. Hij was vooral<\/p>\n\t\t<\/div>\n\t\t\n\t\t<a class=\"elementor-post__read-more\" href=\"https:\/\/glaszettersgids.nl\/blog\/rudi-bakker-leeftijd\/\" aria-label=\"Lees meer over Rudi Bakker leeftijd wat is zijn leeftijd\" tabindex=\"-1\" >\n\t\t\tLees meer \u00bb\t\t<\/a>\n\n\t\t\t\t<\/div>\n\t\t\t\t<\/article>\n\t\t\t\t<article class=\"elementor-post elementor-grid-item post-321 post type-post status-publish format-standard hentry category-niet-gecategoriseerd\" role=\"listitem\">\n\t\t\t\t<div class=\"elementor-post__text\">\n\t\t\t\t<h3 class=\"elementor-post__title\">\n\t\t\t<a href=\"https:\/\/glaszettersgids.nl\/blog\/henk-vos-vader-marianne-vos\/\" >\n\t\t\t\tHenk Vos vader Marianne Vos familie en leven\t\t\t<\/a>\n\t\t<\/h3>\n\t\t\t\t<div class=\"elementor-post__meta-data\">\n\t\t\t\t\t<span class=\"elementor-post-date\">\n\t\t\t15 maart 2026\t\t<\/span>\n\t\t\t\t<span class=\"elementor-post-avatar\">\n\t\t\tGeen reacties\t\t<\/span>\n\t\t\t\t<\/div>\n\t\t\t\t<div class=\"elementor-post__excerpt\">\n\t\t\t<p>Henk Vos vader Marianne Vos is een bekend onderwerp voor fans van de wielrenster. Als vader van een van de meest succesvolle vrouwelijke fietsers in<\/p>\n\t\t<\/div>\n\t\t\n\t\t<a class=\"elementor-post__read-more\" href=\"https:\/\/glaszettersgids.nl\/blog\/henk-vos-vader-marianne-vos\/\" aria-label=\"Lees meer over Henk Vos vader Marianne Vos familie en leven\" tabindex=\"-1\" >\n\t\t\tLees meer \u00bb\t\t<\/a>\n\n\t\t\t\t<\/div>\n\t\t\t\t<\/article>\n\t\t\t\t<article class=\"elementor-post elementor-grid-item post-319 post type-post status-publish format-standard hentry category-niet-gecategoriseerd\" role=\"listitem\">\n\t\t\t\t<div class=\"elementor-post__text\">\n\t\t\t\t<h3 class=\"elementor-post__title\">\n\t\t\t<a href=\"https:\/\/glaszettersgids.nl\/blog\/kelly-de-vries-partner\/\" >\n\t\t\t\tKelly de Vries partner Wat We Kunnen Zeggen Over Haar Relatie\t\t\t<\/a>\n\t\t<\/h3>\n\t\t\t\t<div class=\"elementor-post__meta-data\">\n\t\t\t\t\t<span class=\"elementor-post-date\">\n\t\t\t15 maart 2026\t\t<\/span>\n\t\t\t\t<span class=\"elementor-post-avatar\">\n\t\t\tGeen reacties\t\t<\/span>\n\t\t\t\t<\/div>\n\t\t\t\t<div class=\"elementor-post__excerpt\">\n\t\t\t<p>Als je nieuwsgierig bent naar de partner van Kelly de Vries, dan is het belangrijk te weten dat er weinig offici\u00eble informatie beschikbaar is. Kelly<\/p>\n\t\t<\/div>\n\t\t\n\t\t<a class=\"elementor-post__read-more\" href=\"https:\/\/glaszettersgids.nl\/blog\/kelly-de-vries-partner\/\" aria-label=\"Lees meer over Kelly de Vries partner Wat We Kunnen Zeggen Over Haar Relatie\" tabindex=\"-1\" >\n\t\t\tLees meer \u00bb\t\t<\/a>\n\n\t\t\t\t<\/div>\n\t\t\t\t<\/article>\n\t\t\t\t<article class=\"elementor-post elementor-grid-item post-317 post type-post status-publish format-standard hentry category-niet-gecategoriseerd\" role=\"listitem\">\n\t\t\t\t<div class=\"elementor-post__text\">\n\t\t\t\t<h3 class=\"elementor-post__title\">\n\t\t\t<a href=\"https:\/\/glaszettersgids.nl\/blog\/roy-donders-hoeveel-kinderen\/\" >\n\t\t\t\tRoy Donders hoeveel kinderen hij heeft\t\t\t<\/a>\n\t\t<\/h3>\n\t\t\t\t<div class=\"elementor-post__meta-data\">\n\t\t\t\t\t<span class=\"elementor-post-date\">\n\t\t\t15 maart 2026\t\t<\/span>\n\t\t\t\t<span class=\"elementor-post-avatar\">\n\t\t\tGeen reacties\t\t<\/span>\n\t\t\t\t<\/div>\n\t\t\t\t<div class=\"elementor-post__excerpt\">\n\t\t\t<p>Je vraagt je misschien af Roy Donders hoeveel kinderen hij heeft en hoe zijn gezin eruitziet. Roy Donders, bekend van zijn werk als stylist en<\/p>\n\t\t<\/div>\n\t\t\n\t\t<a class=\"elementor-post__read-more\" href=\"https:\/\/glaszettersgids.nl\/blog\/roy-donders-hoeveel-kinderen\/\" aria-label=\"Lees meer over Roy Donders hoeveel kinderen hij heeft\" tabindex=\"-1\" >\n\t\t\tLees meer \u00bb\t\t<\/a>\n\n\t\t\t\t<\/div>\n\t\t\t\t<\/article>\n\t\t\t\t<article class=\"elementor-post elementor-grid-item post-315 post type-post status-publish format-standard hentry category-niet-gecategoriseerd\" role=\"listitem\">\n\t\t\t\t<div class=\"elementor-post__text\">\n\t\t\t\t<h3 class=\"elementor-post__title\">\n\t\t\t<a href=\"https:\/\/glaszettersgids.nl\/blog\/patrick-schwarzenegger-leeftijd\/\" >\n\t\t\t\tPatrick Schwarzenegger leeftijd hoe oud is hij\t\t\t<\/a>\n\t\t<\/h3>\n\t\t\t\t<div class=\"elementor-post__meta-data\">\n\t\t\t\t\t<span class=\"elementor-post-date\">\n\t\t\t15 maart 2026\t\t<\/span>\n\t\t\t\t<span class=\"elementor-post-avatar\">\n\t\t\tGeen reacties\t\t<\/span>\n\t\t\t\t<\/div>\n\t\t\t\t<div class=\"elementor-post__excerpt\">\n\t\t\t<p>Patrick Schwarzenegger is een Amerikaanse acteur en model, bekend als zoon van Arnold Schwarzenegger en Maria Shriver. Veel mensen vragen zich af hoe oud hij<\/p>\n\t\t<\/div>\n\t\t\n\t\t<a class=\"elementor-post__read-more\" href=\"https:\/\/glaszettersgids.nl\/blog\/patrick-schwarzenegger-leeftijd\/\" aria-label=\"Lees meer over Patrick Schwarzenegger leeftijd hoe oud is hij\" tabindex=\"-1\" >\n\t\t\tLees meer \u00bb\t\t<\/a>\n\n\t\t\t\t<\/div>\n\t\t\t\t<\/article>\n\t\t\t\t<article class=\"elementor-post elementor-grid-item post-313 post type-post status-publish format-standard hentry category-niet-gecategoriseerd\" role=\"listitem\">\n\t\t\t\t<div class=\"elementor-post__text\">\n\t\t\t\t<h3 class=\"elementor-post__title\">\n\t\t\t<a href=\"https:\/\/glaszettersgids.nl\/blog\/heeft-helene-hendriks-kinderen\/\" >\n\t\t\t\tHeeft H\u00e9l\u00e8ne Hendriks kinderen wat is bekend\t\t\t<\/a>\n\t\t<\/h3>\n\t\t\t\t<div class=\"elementor-post__meta-data\">\n\t\t\t\t\t<span class=\"elementor-post-date\">\n\t\t\t15 maart 2026\t\t<\/span>\n\t\t\t\t<span class=\"elementor-post-avatar\">\n\t\t\tGeen reacties\t\t<\/span>\n\t\t\t\t<\/div>\n\t\t\t\t<div class=\"elementor-post__excerpt\">\n\t\t\t<p>Als je zoekt naar heeft H\u00e9l\u00e8ne Hendriks kinderen gaat het om de vraag of de Nederlandse sportjournaliste en presentatrice eigen kinderen heeft. H\u00e9l\u00e8ne Hendriks staat<\/p>\n\t\t<\/div>\n\t\t\n\t\t<a class=\"elementor-post__read-more\" href=\"https:\/\/glaszettersgids.nl\/blog\/heeft-helene-hendriks-kinderen\/\" aria-label=\"Lees meer over Heeft H\u00e9l\u00e8ne Hendriks kinderen wat is bekend\" tabindex=\"-1\" >\n\t\t\tLees meer \u00bb\t\t<\/a>\n\n\t\t\t\t<\/div>\n\t\t\t\t<\/article>\n\t\t\t\t<article class=\"elementor-post elementor-grid-item post-311 post type-post status-publish format-standard hentry category-niet-gecategoriseerd\" role=\"listitem\">\n\t\t\t\t<div class=\"elementor-post__text\">\n\t\t\t\t<h3 class=\"elementor-post__title\">\n\t\t\t<a href=\"https:\/\/glaszettersgids.nl\/blog\/helene-kroller-muller-kinderen\/\" >\n\t\t\t\tHelene Kr\u00f6ller-M\u00fcller kinderen en familie\t\t\t<\/a>\n\t\t<\/h3>\n\t\t\t\t<div class=\"elementor-post__meta-data\">\n\t\t\t\t\t<span class=\"elementor-post-date\">\n\t\t\t15 maart 2026\t\t<\/span>\n\t\t\t\t<span class=\"elementor-post-avatar\">\n\t\t\tGeen reacties\t\t<\/span>\n\t\t\t\t<\/div>\n\t\t\t\t<div class=\"elementor-post__excerpt\">\n\t\t\t<p>Helene Kr\u00f6ller-M\u00fcller kinderen spelen een belangrijke rol in het leven van de beroemde kunstverzamelaarster. Samen met haar echtgenoot Anton Kr\u00f6ller had ze een gezin dat<\/p>\n\t\t<\/div>\n\t\t\n\t\t<a class=\"elementor-post__read-more\" href=\"https:\/\/glaszettersgids.nl\/blog\/helene-kroller-muller-kinderen\/\" aria-label=\"Lees meer over Helene Kr\u00f6ller-M\u00fcller kinderen en familie\" tabindex=\"-1\" >\n\t\t\tLees meer \u00bb\t\t<\/a>\n\n\t\t\t\t<\/div>\n\t\t\t\t<\/article>\n\t\t\t\t<article class=\"elementor-post elementor-grid-item post-309 post type-post status-publish format-standard hentry category-niet-gecategoriseerd\" role=\"listitem\">\n\t\t\t\t<div class=\"elementor-post__text\">\n\t\t\t\t<h3 class=\"elementor-post__title\">\n\t\t\t<a href=\"https:\/\/glaszettersgids.nl\/blog\/auto-jan-jans-en-de-kinderen\/\" >\n\t\t\t\tAuto Jan Jans en de kinderen Wat Je Moet Weten Over De Auto\t\t\t<\/a>\n\t\t<\/h3>\n\t\t\t\t<div class=\"elementor-post__meta-data\">\n\t\t\t\t\t<span class=\"elementor-post-date\">\n\t\t\t15 maart 2026\t\t<\/span>\n\t\t\t\t<span class=\"elementor-post-avatar\">\n\t\t\tGeen reacties\t\t<\/span>\n\t\t\t\t<\/div>\n\t\t\t\t<div class=\"elementor-post__excerpt\">\n\t\t\t<p>De auto Jan Jans en de kinderen speelt een opvallende rol in de beroemde Nederlandse strip over de familie Tromp. Jan, Jans en de kinderen<\/p>\n\t\t<\/div>\n\t\t\n\t\t<a class=\"elementor-post__read-more\" href=\"https:\/\/glaszettersgids.nl\/blog\/auto-jan-jans-en-de-kinderen\/\" aria-label=\"Lees meer over Auto Jan Jans en de kinderen Wat Je Moet Weten Over De Auto\" tabindex=\"-1\" >\n\t\t\tLees meer \u00bb\t\t<\/a>\n\n\t\t\t\t<\/div>\n\t\t\t\t<\/article>\n\t\t\t\t<article class=\"elementor-post elementor-grid-item post-307 post type-post status-publish format-standard hentry category-niet-gecategoriseerd\" role=\"listitem\">\n\t\t\t\t<div class=\"elementor-post__text\">\n\t\t\t\t<h3 class=\"elementor-post__title\">\n\t\t\t<a href=\"https:\/\/glaszettersgids.nl\/blog\/jessica-moretti-leeftijd\/\" >\n\t\t\t\tJessica Moretti leeftijd en achtergrond\t\t\t<\/a>\n\t\t<\/h3>\n\t\t\t\t<div class=\"elementor-post__meta-data\">\n\t\t\t\t\t<span class=\"elementor-post-date\">\n\t\t\t15 maart 2026\t\t<\/span>\n\t\t\t\t<span class=\"elementor-post-avatar\">\n\t\t\tGeen reacties\t\t<\/span>\n\t\t\t\t<\/div>\n\t\t\t\t<div class=\"elementor-post__excerpt\">\n\t\t\t<p>Je vraagt je misschien af wat de Jessica Moretti leeftijd is en wie zij precies is. Jessica Moretti is 40 jaar oud en kwam recentelijk<\/p>\n\t\t<\/div>\n\t\t\n\t\t<a class=\"elementor-post__read-more\" href=\"https:\/\/glaszettersgids.nl\/blog\/jessica-moretti-leeftijd\/\" aria-label=\"Lees meer over Jessica Moretti leeftijd en achtergrond\" tabindex=\"-1\" >\n\t\t\tLees meer \u00bb\t\t<\/a>\n\n\t\t\t\t<\/div>\n\t\t\t\t<\/article>\n\t\t\t\t<article class=\"elementor-post elementor-grid-item post-305 post type-post status-publish format-standard hentry category-niet-gecategoriseerd\" role=\"listitem\">\n\t\t\t\t<div class=\"elementor-post__text\">\n\t\t\t\t<h3 class=\"elementor-post__title\">\n\t\t\t<a href=\"https:\/\/glaszettersgids.nl\/blog\/cristiano-ronaldo-gescheiden\/\" >\n\t\t\t\tCristiano Ronaldo gescheiden of niet wat is zijn relatiestatus\t\t\t<\/a>\n\t\t<\/h3>\n\t\t\t\t<div class=\"elementor-post__meta-data\">\n\t\t\t\t\t<span class=\"elementor-post-date\">\n\t\t\t15 maart 2026\t\t<\/span>\n\t\t\t\t<span class=\"elementor-post-avatar\">\n\t\t\tGeen reacties\t\t<\/span>\n\t\t\t\t<\/div>\n\t\t\t\t<div class=\"elementor-post__excerpt\">\n\t\t\t<p>Veel mensen vragen zich af of Cristiano Ronaldo gescheiden is en hoe zijn priv\u00e9leven eruitziet. De Portugese voetballer is wereldberoemd en zijn relaties trekken veel<\/p>\n\t\t<\/div>\n\t\t\n\t\t<a class=\"elementor-post__read-more\" href=\"https:\/\/glaszettersgids.nl\/blog\/cristiano-ronaldo-gescheiden\/\" aria-label=\"Lees meer over Cristiano Ronaldo gescheiden of niet wat is zijn relatiestatus\" tabindex=\"-1\" >\n\t\t\tLees meer \u00bb\t\t<\/a>\n\n\t\t\t\t<\/div>\n\t\t\t\t<\/article>\n\t\t\t\t<article class=\"elementor-post elementor-grid-item post-303 post type-post status-publish format-standard hentry category-niet-gecategoriseerd\" role=\"listitem\">\n\t\t\t\t<div class=\"elementor-post__text\">\n\t\t\t\t<h3 class=\"elementor-post__title\">\n\t\t\t<a href=\"https:\/\/glaszettersgids.nl\/blog\/moeder-jeffrey-en-emma-monique\/\" >\n\t\t\t\tMoeder Jeffrey en Emma wie is hun moeder\t\t\t<\/a>\n\t\t<\/h3>\n\t\t\t\t<div class=\"elementor-post__meta-data\">\n\t\t\t\t\t<span class=\"elementor-post-date\">\n\t\t\t15 maart 2026\t\t<\/span>\n\t\t\t\t<span class=\"elementor-post-avatar\">\n\t\t\tGeen reacties\t\t<\/span>\n\t\t\t\t<\/div>\n\t\t\t\t<div class=\"elementor-post__excerpt\">\n\t\t\t<p>Als je zoekt naar moeder Jeffrey en Emma gaat het over de moeder van de twee kinderen die recent vermist waren en later overleden werden<\/p>\n\t\t<\/div>\n\t\t\n\t\t<a class=\"elementor-post__read-more\" href=\"https:\/\/glaszettersgids.nl\/blog\/moeder-jeffrey-en-emma-monique\/\" aria-label=\"Lees meer over Moeder Jeffrey en Emma wie is hun moeder\" tabindex=\"-1\" >\n\t\t\tLees meer \u00bb\t\t<\/a>\n\n\t\t\t\t<\/div>\n\t\t\t\t<\/article>\n\t\t\t\t<article class=\"elementor-post elementor-grid-item post-301 post type-post status-publish format-standard hentry category-niet-gecategoriseerd\" role=\"listitem\">\n\t\t\t\t<div class=\"elementor-post__text\">\n\t\t\t\t<h3 class=\"elementor-post__title\">\n\t\t\t<a href=\"https:\/\/glaszettersgids.nl\/blog\/justin-baldoni-getrouwd\/\" >\n\t\t\t\tJustin Baldoni getrouwd gezin en priv\u00e9leven\t\t\t<\/a>\n\t\t<\/h3>\n\t\t\t\t<div class=\"elementor-post__meta-data\">\n\t\t\t\t\t<span class=\"elementor-post-date\">\n\t\t\t15 maart 2026\t\t<\/span>\n\t\t\t\t<span class=\"elementor-post-avatar\">\n\t\t\tGeen reacties\t\t<\/span>\n\t\t\t\t<\/div>\n\t\t\t\t<div class=\"elementor-post__excerpt\">\n\t\t\t<p>Justin Baldoni getrouwd is een vraag die vaak wordt gesteld door fans van de acteur en filmmaker. Hij staat bekend om zijn rollen in televisie<\/p>\n\t\t<\/div>\n\t\t\n\t\t<a class=\"elementor-post__read-more\" href=\"https:\/\/glaszettersgids.nl\/blog\/justin-baldoni-getrouwd\/\" aria-label=\"Lees meer over Justin Baldoni getrouwd gezin en priv\u00e9leven\" tabindex=\"-1\" >\n\t\t\tLees meer \u00bb\t\t<\/a>\n\n\t\t\t\t<\/div>\n\t\t\t\t<\/article>\n\t\t\t\t<\/div>\n\t\t\n\t\t\t\t<div class=\"e-load-more-anchor\" data-page=\"1\" data-max-page=\"11\" data-next-page=\"https:\/\/glaszettersgids.nl\/blog\/wp-json\/wp\/v2\/pages\/11\/page\/2\/\"><\/div>\n\t\t\t\t<nav class=\"elementor-pagination\" aria-label=\"Paginering\">\n\t\t\t<span class=\"page-numbers prev\">&laquo; Vorige<\/span>\n<span aria-current=\"page\" class=\"page-numbers current\"><span class=\"elementor-screen-only\">Pagina<\/span>1<\/span>\n<a class=\"page-numbers\" href=\"https:\/\/glaszettersgids.nl\/blog\/wp-json\/wp\/v2\/pages\/11\/page\/2\/\"><span class=\"elementor-screen-only\">Pagina<\/span>2<\/a>\n<a class=\"page-numbers\" href=\"https:\/\/glaszettersgids.nl\/blog\/wp-json\/wp\/v2\/pages\/11\/page\/3\/\"><span class=\"elementor-screen-only\">Pagina<\/span>3<\/a>\n<a class=\"page-numbers\" href=\"https:\/\/glaszettersgids.nl\/blog\/wp-json\/wp\/v2\/pages\/11\/page\/4\/\"><span class=\"elementor-screen-only\">Pagina<\/span>4<\/a>\n<a class=\"page-numbers\" href=\"https:\/\/glaszettersgids.nl\/blog\/wp-json\/wp\/v2\/pages\/11\/page\/5\/\"><span class=\"elementor-screen-only\">Pagina<\/span>5<\/a>\n<a class=\"page-numbers next\" href=\"https:\/\/glaszettersgids.nl\/blog\/wp-json\/wp\/v2\/pages\/11\/page\/2\/\">Volgende &raquo;<\/a>\t\t<\/nav>\n\t\t\t\t\t\t<\/div>\n\t\t\t\t<\/div>\n\t\t\t\t\t<\/div>\n\t\t\t\t<\/div>\n\t\t\t\t<\/div>\n\t\t","protected":false},"excerpt":{"rendered":"","protected":false},"author":1,"featured_media":0,"parent":0,"menu_order":0,"comment_status":"closed","ping_status":"closed","template":"elementor_header_footer","meta":{"footnotes":""},"class_list":["post-11","page","type-page","status-publish","hentry"],"yoast_head":"<!-- This site is optimized with the Yoast SEO plugin v26.6 - https:\/\/yoast.com\/wordpress\/plugins\/seo\/ -->\n<title>Home - glaszettersgids.nl<\/title>\n<meta name=\"robots\" content=\"index, follow, max-snippet:-1, max-image-preview:large, max-video-preview:-1\" \/>\n<link rel=\"canonical\" href=\"https:\/\/glaszettersgids.nl\/blog\/\" \/>\n<meta property=\"og:locale\" content=\"nl_NL\" \/>\n<meta property=\"og:type\" content=\"article\" \/>\n<meta property=\"og:title\" content=\"Home - glaszettersgids.nl\" \/>\n<meta property=\"og:url\" content=\"https:\/\/glaszettersgids.nl\/blog\/\" \/>\n<meta property=\"og:site_name\" content=\"glaszettersgids.nl\" \/>\n<meta property=\"article:modified_time\" content=\"2025-12-04T23:40:44+00:00\" \/>\n<meta name=\"twitter:card\" content=\"summary_large_image\" \/>\n<meta name=\"twitter:label1\" content=\"Geschatte leestijd\" \/>\n\t<meta name=\"twitter:data1\" content=\"1 minuut\" \/>\n<script type=\"application\/ld+json\" class=\"yoast-schema-graph\">{\"@context\":\"https:\/\/schema.org\",\"@graph\":[{\"@type\":\"WebPage\",\"@id\":\"https:\/\/glaszettersgids.nl\/blog\/\",\"url\":\"https:\/\/glaszettersgids.nl\/blog\/\",\"name\":\"Home - glaszettersgids.nl\",\"isPartOf\":{\"@id\":\"https:\/\/glaszettersgids.nl\/blog\/#website\"},\"datePublished\":\"2025-12-04T23:32:05+00:00\",\"dateModified\":\"2025-12-04T23:40:44+00:00\",\"breadcrumb\":{\"@id\":\"https:\/\/glaszettersgids.nl\/blog\/#breadcrumb\"},\"inLanguage\":\"nl-NL\",\"potentialAction\":[{\"@type\":\"ReadAction\",\"target\":[\"https:\/\/glaszettersgids.nl\/blog\/\"]}]},{\"@type\":\"BreadcrumbList\",\"@id\":\"https:\/\/glaszettersgids.nl\/blog\/#breadcrumb\",\"itemListElement\":[{\"@type\":\"ListItem\",\"position\":1,\"name\":\"Home\",\"item\":\"https:\/\/glaszettersgids.nl\/blog\/\"},{\"@type\":\"ListItem\",\"position\":2,\"name\":\"Home\"}]},{\"@type\":\"WebSite\",\"@id\":\"https:\/\/glaszettersgids.nl\/blog\/#website\",\"url\":\"https:\/\/glaszettersgids.nl\/blog\/\",\"name\":\"glaszettersgids.nl\",\"description\":\"\",\"potentialAction\":[{\"@type\":\"SearchAction\",\"target\":{\"@type\":\"EntryPoint\",\"urlTemplate\":\"https:\/\/glaszettersgids.nl\/blog\/?s={search_term_string}\"},\"query-input\":{\"@type\":\"PropertyValueSpecification\",\"valueRequired\":true,\"valueName\":\"search_term_string\"}}],\"inLanguage\":\"nl-NL\"}]}<\/script>\n<!-- \/ Yoast SEO plugin. -->","yoast_head_json":{"title":"Home - glaszettersgids.nl","robots":{"index":"index","follow":"follow","max-snippet":"max-snippet:-1","max-image-preview":"max-image-preview:large","max-video-preview":"max-video-preview:-1"},"canonical":"https:\/\/glaszettersgids.nl\/blog\/","og_locale":"nl_NL","og_type":"article","og_title":"Home - glaszettersgids.nl","og_url":"https:\/\/glaszettersgids.nl\/blog\/","og_site_name":"glaszettersgids.nl","article_modified_time":"2025-12-04T23:40:44+00:00","twitter_card":"summary_large_image","twitter_misc":{"Geschatte leestijd":"1 minuut"},"schema":{"@context":"https:\/\/schema.org","@graph":[{"@type":"WebPage","@id":"https:\/\/glaszettersgids.nl\/blog\/","url":"https:\/\/glaszettersgids.nl\/blog\/","name":"Home - glaszettersgids.nl","isPartOf":{"@id":"https:\/\/glaszettersgids.nl\/blog\/#website"},"datePublished":"2025-12-04T23:32:05+00:00","dateModified":"2025-12-04T23:40:44+00:00","breadcrumb":{"@id":"https:\/\/glaszettersgids.nl\/blog\/#breadcrumb"},"inLanguage":"nl-NL","potentialAction":[{"@type":"ReadAction","target":["https:\/\/glaszettersgids.nl\/blog\/"]}]},{"@type":"BreadcrumbList","@id":"https:\/\/glaszettersgids.nl\/blog\/#breadcrumb","itemListElement":[{"@type":"ListItem","position":1,"name":"Home","item":"https:\/\/glaszettersgids.nl\/blog\/"},{"@type":"ListItem","position":2,"name":"Home"}]},{"@type":"WebSite","@id":"https:\/\/glaszettersgids.nl\/blog\/#website","url":"https:\/\/glaszettersgids.nl\/blog\/","name":"glaszettersgids.nl","description":"","potentialAction":[{"@type":"SearchAction","target":{"@type":"EntryPoint","urlTemplate":"https:\/\/glaszettersgids.nl\/blog\/?s={search_term_string}"},"query-input":{"@type":"PropertyValueSpecification","valueRequired":true,"valueName":"search_term_string"}}],"inLanguage":"nl-NL"}]}},"_links":{"self":[{"href":"https:\/\/glaszettersgids.nl\/blog\/wp-json\/wp\/v2\/pages\/11","targetHints":{"allow":["GET"]}}],"collection":[{"href":"https:\/\/glaszettersgids.nl\/blog\/wp-json\/wp\/v2\/pages"}],"about":[{"href":"https:\/\/glaszettersgids.nl\/blog\/wp-json\/wp\/v2\/types\/page"}],"author":[{"embeddable":true,"href":"https:\/\/glaszettersgids.nl\/blog\/wp-json\/wp\/v2\/users\/1"}],"replies":[{"embeddable":true,"href":"https:\/\/glaszettersgids.nl\/blog\/wp-json\/wp\/v2\/comments?post=11"}],"version-history":[{"count":10,"href":"https:\/\/glaszettersgids.nl\/blog\/wp-json\/wp\/v2\/pages\/11\/revisions"}],"predecessor-version":[{"id":27,"href":"https:\/\/glaszettersgids.nl\/blog\/wp-json\/wp\/v2\/pages\/11\/revisions\/27"}],"wp:attachment":[{"href":"https:\/\/glaszettersgids.nl\/blog\/wp-json\/wp\/v2\/media?parent=11"}],"curies":[{"name":"wp","href":"https:\/\/api.w.org\/{rel}","templated":true}]}}